{"id":26,"date":"2023-12-04T23:40:35","date_gmt":"2023-12-04T22:40:35","guid":{"rendered":"https:\/\/ideosiete.com\/bugambilias\/?page_id=26"},"modified":"2024-02-16T11:05:14","modified_gmt":"2024-02-16T10:05:14","slug":"instalaciones","status":"publish","type":"page","link":"https:\/\/hotelbugambilias.com.mx\/index.php\/instalaciones\/","title":{"rendered":"Instalaciones"},"content":{"rendered":"<p>[et_pb_section fb_built=\u00bb1&#8243; _builder_version=\u00bb4.23.1&#8243; _module_preset=\u00bbdefault\u00bb background_color=\u00bb#490031&#8243; background_enable_pattern_style=\u00bbon\u00bb background_pattern_style=\u00bbscallops\u00bb background_pattern_size=\u00bbcustom\u00bb background_pattern_width=\u00bb1000px\u00bb background_pattern_height=\u00bb0px\u00bb background_pattern_horizontal_offset=\u00bb16%\u00bb background_pattern_vertical_offset=\u00bb-17%\u00bb custom_margin=\u00bb0px||0px||true|false\u00bb custom_padding=\u00bb0px||0px||true|false\u00bb global_colors_info=\u00bb{}\u00bb][et_pb_row _builder_version=\u00bb4.23.1&#8243; _module_preset=\u00bbdefault\u00bb max_width=\u00bb1200px\u00bb global_colors_info=\u00bb{}\u00bb][et_pb_column type=\u00bb4_4&#8243; _builder_version=\u00bb4.23.1&#8243; _module_preset=\u00bbdefault\u00bb global_colors_info=\u00bb{}\u00bb][et_pb_text _builder_version=\u00bb4.23.1&#8243; _dynamic_attributes=\u00bbcontent\u00bb _module_preset=\u00bbdefault\u00bb text_text_color=\u00bb#FFFFFF\u00bb text_font_size=\u00bb31px\u00bb global_colors_info=\u00bb{}\u00bb]@ET-DC@eyJkeW5hbWljIjp0cnVlLCJjb250ZW50IjoicG9zdF90aXRsZSIsInNldHRpbmdzIjp7ImJlZm9yZSI6IiIsImFmdGVyIjoiIn19@[\/et_pb_text][\/et_pb_column][\/et_pb_row][\/et_pb_section][et_pb_section fb_built=\u00bb1&#8243; _builder_version=\u00bb4.23.3&#8243; _module_preset=\u00bbdefault\u00bb background_color=\u00bb#000000&#8243; global_colors_info=\u00bb{}\u00bb][et_pb_row _builder_version=\u00bb4.23.1&#8243; _module_preset=\u00bbdefault\u00bb max_width=\u00bb1200px\u00bb global_colors_info=\u00bb{}\u00bb][et_pb_column type=\u00bb4_4&#8243; _builder_version=\u00bb4.23.1&#8243; _module_preset=\u00bbdefault\u00bb global_colors_info=\u00bb{}\u00bb][et_pb_text _builder_version=\u00bb4.23.1&#8243; _module_preset=\u00bbdefault\u00bb text_text_color=\u00bb#FFFFFF\u00bb text_font_size=\u00bb21px\u00bb text_font_size_tablet=\u00bb21px\u00bb text_font_size_phone=\u00bb21px\u00bb text_font_size_last_edited=\u00bbon|phone\u00bb global_colors_info=\u00bb{}\u00bb]<\/p>\n<p style=\"text-align: left;\"><strong>Puede pasar c\u00f3modamente las mejores vacaciones en nuestro hotel.<\/strong><\/p>\n<p>[\/et_pb_text][et_pb_text content_tablet=\u00bb<\/p>\n<p style=%22text-align: left;%22>En el Hotel y Suites Bugambilias contamos con amplio estacionamiento hacia el lado de la avenida principal de Guayabitos y por el otro lado, un jard\u00edn lleno de vegetaci\u00f3n con una amplia alberca y un chapoteadero pensado especialmente para sus ni\u00f1os se diviertan hasta el cansancio.<\/p>\n<p style=%22text-align: left;%22>Para su comodidad, el hotel cuenta con acceso a la calle inmediata posterior de la playa. Nuestros pasillos son amplios a manera de balc\u00f3n con vista hacia el mar.<\/p>\n<p style=%22text-align: left;%22>En el lobby se encuentra disponible una sala para que usted disfrute de la lectura de su preferencia.<\/p>\n<p>\u00bb content_phone=\u00bb<\/p>\n<p style=%22text-align: left;%22>En el Hotel y Suites Bugambilias contamos con amplio estacionamiento hacia el lado de la avenida principal de Guayabitos y por el otro lado, un jard\u00edn lleno de vegetaci\u00f3n con una amplia alberca y un chapoteadero pensado especialmente para sus ni\u00f1os se diviertan hasta el cansancio.<\/p>\n<p style=%22text-align: left;%22>Para su comodidad, el hotel cuenta con acceso a la calle inmediata posterior de la playa. Nuestros pasillos son amplios a manera de balc\u00f3n con vista hacia el mar.<\/p>\n<p style=%22text-align: left;%22>En el lobby se encuentra disponible una sala para que usted disfrute de la lectura de su preferencia.<\/p>\n<p>\u00bb content_last_edited=\u00bbon|phone\u00bb _builder_version=\u00bb4.23.1&#8243; _module_preset=\u00bbdefault\u00bb text_text_color=\u00bb#FFFFFF\u00bb text_font_size=\u00bb16px\u00bb text_font_size_tablet=\u00bb16px\u00bb text_font_size_phone=\u00bb16px\u00bb text_font_size_last_edited=\u00bbon|phone\u00bb global_colors_info=\u00bb{}\u00bb]<\/p>\n<p style=\"text-align: left;\">En el Hotel y Suites Bugambilias contamos con amplio estacionamiento hacia el lado de la avenida principal de Guayabitos y por el otro lado, un jard\u00edn lleno de vegetaci\u00f3n con una amplia alberca y un chapoteadero pensado especialmente para sus ni\u00f1os se diviertan hasta el cansancio.<\/p>\n<p style=\"text-align: left;\">Para su comodidad, el hotel cuenta con acceso a la calle inmediata posterior de la playa. Nuestros pasillos son amplios a manera de balc\u00f3n con vista hacia el mar.<\/p>\n<p style=\"text-align: left;\">En el lobby se encuentra disponible una sala para que usted disfrute de la lectura de su preferencia.<\/p>\n<p>[\/et_pb_text][\/et_pb_column][\/et_pb_row][et_pb_row column_structure=\u00bb1_3,1_3,1_3&#8243; _builder_version=\u00bb4.23.1&#8243; _module_preset=\u00bbdefault\u00bb max_width=\u00bb1200px\u00bb global_colors_info=\u00bb{}\u00bb][et_pb_column type=\u00bb1_3&#8243; _builder_version=\u00bb4.23.1&#8243; _module_preset=\u00bbdefault\u00bb global_colors_info=\u00bb{}\u00bb][et_pb_image src=\u00bbhttps:\/\/hotelbugambilias.com.mx\/wp-content\/uploads\/2023\/12\/cd25958ba6095e2e28add1a1b62b709b_IMG_1863-e1701738860781.jpg\u00bb title_text=\u00bbfachada interna\u00bb show_in_lightbox=\u00bbon\u00bb force_fullwidth=\u00bbon\u00bb _builder_version=\u00bb4.23.3&#8243; _module_preset=\u00bbdefault\u00bb border_radii=\u00bbon|5px|5px|5px|5px\u00bb global_colors_info=\u00bb{}\u00bb][\/et_pb_image][\/et_pb_column][et_pb_column type=\u00bb1_3&#8243; _builder_version=\u00bb4.23.1&#8243; _module_preset=\u00bbdefault\u00bb global_colors_info=\u00bb{}\u00bb][et_pb_image src=\u00bbhttps:\/\/hotelbugambilias.com.mx\/wp-content\/uploads\/2023\/12\/f00d7764b80a644a6a4c83a5bf240155_IMG_1857-e1701738876832.jpg\u00bb title_text=\u00bbf00d7764b80a644a6a4c83a5bf240155_IMG_1857&#8243; show_in_lightbox=\u00bbon\u00bb force_fullwidth=\u00bbon\u00bb _builder_version=\u00bb4.23.3&#8243; _dynamic_attributes=\u00bburl\u00bb _module_preset=\u00bbdefault\u00bb border_radii=\u00bbon|5px|5px|5px|5px\u00bb global_colors_info=\u00bb{}\u00bb][\/et_pb_image][\/et_pb_column][et_pb_column type=\u00bb1_3&#8243; _builder_version=\u00bb4.23.1&#8243; _module_preset=\u00bbdefault\u00bb global_colors_info=\u00bb{}\u00bb][et_pb_image src=\u00bbhttps:\/\/hotelbugambilias.com.mx\/wp-content\/uploads\/2023\/12\/3094e1b330e74723f708869ad7f2250c_IMG_1891.jpg\u00bb title_text=\u00bb3094e1b330e74723f708869ad7f2250c_IMG_1891&#8243; show_in_lightbox=\u00bbon\u00bb force_fullwidth=\u00bbon\u00bb _builder_version=\u00bb4.23.3&#8243; _dynamic_attributes=\u00bburl\u00bb _module_preset=\u00bbdefault\u00bb border_radii=\u00bbon|5px|5px|5px|5px\u00bb global_colors_info=\u00bb{}\u00bb][\/et_pb_image][\/et_pb_column][\/et_pb_row][et_pb_row column_structure=\u00bb1_3,1_3,1_3&#8243; _builder_version=\u00bb4.23.1&#8243; _module_preset=\u00bbdefault\u00bb max_width=\u00bb1200px\u00bb global_colors_info=\u00bb{}\u00bb][et_pb_column type=\u00bb1_3&#8243; _builder_version=\u00bb4.23.1&#8243; _module_preset=\u00bbdefault\u00bb global_colors_info=\u00bb{}\u00bb][et_pb_image src=\u00bbhttps:\/\/hotelbugambilias.com.mx\/wp-content\/uploads\/2023\/12\/IMG-20230307-WA0008.jpg\u00bb title_text=\u00bbIMG-20230307-WA0008&#8243; show_in_lightbox=\u00bbon\u00bb force_fullwidth=\u00bbon\u00bb _builder_version=\u00bb4.23.3&#8243; _dynamic_attributes=\u00bburl\u00bb _module_preset=\u00bbdefault\u00bb border_radii=\u00bbon|5px|5px|5px|5px\u00bb global_colors_info=\u00bb{}\u00bb][\/et_pb_image][\/et_pb_column][et_pb_column type=\u00bb1_3&#8243; _builder_version=\u00bb4.23.1&#8243; _module_preset=\u00bbdefault\u00bb global_colors_info=\u00bb{}\u00bb][et_pb_image src=\u00bbhttps:\/\/hotelbugambilias.com.mx\/wp-content\/uploads\/2023\/12\/IMG-20230307-WA0005.jpg\u00bb title_text=\u00bbIMG-20230307-WA0005&#8243; show_in_lightbox=\u00bbon\u00bb force_fullwidth=\u00bbon\u00bb _builder_version=\u00bb4.23.3&#8243; _dynamic_attributes=\u00bburl\u00bb _module_preset=\u00bbdefault\u00bb border_radii=\u00bbon|5px|5px|5px|5px\u00bb global_colors_info=\u00bb{}\u00bb][\/et_pb_image][\/et_pb_column][et_pb_column type=\u00bb1_3&#8243; _builder_version=\u00bb4.23.1&#8243; _module_preset=\u00bbdefault\u00bb global_colors_info=\u00bb{}\u00bb][et_pb_image src=\u00bbhttps:\/\/hotelbugambilias.com.mx\/wp-content\/uploads\/2023\/12\/IMG-20230307-WA0006.jpg\u00bb title_text=\u00bbIMG-20230307-WA0006&#8243; show_in_lightbox=\u00bbon\u00bb force_fullwidth=\u00bbon\u00bb _builder_version=\u00bb4.23.3&#8243; _dynamic_attributes=\u00bburl\u00bb _module_preset=\u00bbdefault\u00bb border_radii=\u00bbon|5px|5px|5px|5px\u00bb global_colors_info=\u00bb{}\u00bb][\/et_pb_image][\/et_pb_column][\/et_pb_row][et_pb_row column_structure=\u00bb1_3,1_3,1_3&#8243; _builder_version=\u00bb4.23.1&#8243; _module_preset=\u00bbdefault\u00bb max_width=\u00bb1200px\u00bb global_colors_info=\u00bb{}\u00bb][et_pb_column type=\u00bb1_3&#8243; _builder_version=\u00bb4.23.1&#8243; _module_preset=\u00bbdefault\u00bb global_colors_info=\u00bb{}\u00bb][et_pb_image src=\u00bbhttps:\/\/hotelbugambilias.com.mx\/wp-content\/uploads\/2023\/12\/69e1256e23a876308ccbaebb4bd27faf_IMG_1849-e1701738910299.jpg\u00bb title_text=\u00bb69e1256e23a876308ccbaebb4bd27faf_IMG_1849&#8243; show_in_lightbox=\u00bbon\u00bb force_fullwidth=\u00bbon\u00bb _builder_version=\u00bb4.23.3&#8243; _dynamic_attributes=\u00bburl\u00bb _module_preset=\u00bbdefault\u00bb border_radii=\u00bbon|5px|5px|5px|5px\u00bb global_colors_info=\u00bb{}\u00bb][\/et_pb_image][\/et_pb_column][et_pb_column type=\u00bb1_3&#8243; _builder_version=\u00bb4.23.1&#8243; _module_preset=\u00bbdefault\u00bb global_colors_info=\u00bb{}\u00bb][et_pb_image src=\u00bbhttps:\/\/hotelbugambilias.com.mx\/wp-content\/uploads\/2023\/12\/IMG-20230307-WA0007.jpg\u00bb title_text=\u00bbIMG-20230307-WA0007&#8243; show_in_lightbox=\u00bbon\u00bb force_fullwidth=\u00bbon\u00bb _builder_version=\u00bb4.23.3&#8243; _dynamic_attributes=\u00bburl\u00bb _module_preset=\u00bbdefault\u00bb border_radii=\u00bbon|5px|5px|5px|5px\u00bb global_colors_info=\u00bb{}\u00bb][\/et_pb_image][\/et_pb_column][et_pb_column type=\u00bb1_3&#8243; _builder_version=\u00bb4.23.1&#8243; _module_preset=\u00bbdefault\u00bb global_colors_info=\u00bb{}\u00bb][et_pb_image src=\u00bbhttps:\/\/hotelbugambilias.com.mx\/wp-content\/uploads\/2023\/12\/IMG-20230307-WA0004.jpg\u00bb title_text=\u00bbIMG-20230307-WA0004&#8243; show_in_lightbox=\u00bbon\u00bb force_fullwidth=\u00bbon\u00bb _builder_version=\u00bb4.23.3&#8243; _dynamic_attributes=\u00bburl\u00bb _module_preset=\u00bbdefault\u00bb border_radii=\u00bbon|5px|5px|5px|5px\u00bb global_colors_info=\u00bb{}\u00bb][\/et_pb_image][\/et_pb_column][\/et_pb_row][\/et_pb_section]<\/p>\n","protected":false},"excerpt":{"rendered":"<p>Puede pasar c\u00f3modamente las mejores vacaciones en nuestro hotel.En el Hotel y Suites Bugambilias contamos con amplio estacionamiento hacia el lado de la avenida principal de Guayabitos y por el otro lado, un jard\u00edn lleno de vegetaci\u00f3n con una amplia alberca y un chapoteadero pensado especialmente para sus ni\u00f1os se diviertan hasta el cansancio. Para [&hellip;]<\/p>\n","protected":false},"author":1,"featured_media":0,"parent":0,"menu_order":0,"comment_status":"closed","ping_status":"closed","template":"","meta":{"_acf_changed":false,"_et_pb_use_builder":"on","_et_pb_old_content":"<!-- wp:divi\/placeholder \/-->","_et_gb_content_width":"","footnotes":""},"class_list":["post-26","page","type-page","status-publish","hentry"],"acf":[],"_links":{"self":[{"href":"https:\/\/hotelbugambilias.com.mx\/index.php\/wp-json\/wp\/v2\/pages\/26","targetHints":{"allow":["GET"]}}],"collection":[{"href":"https:\/\/hotelbugambilias.com.mx\/index.php\/wp-json\/wp\/v2\/pages"}],"about":[{"href":"https:\/\/hotelbugambilias.com.mx\/index.php\/wp-json\/wp\/v2\/types\/page"}],"author":[{"embeddable":true,"href":"https:\/\/hotelbugambilias.com.mx\/index.php\/wp-json\/wp\/v2\/users\/1"}],"replies":[{"embeddable":true,"href":"https:\/\/hotelbugambilias.com.mx\/index.php\/wp-json\/wp\/v2\/comments?post=26"}],"version-history":[{"count":17,"href":"https:\/\/hotelbugambilias.com.mx\/index.php\/wp-json\/wp\/v2\/pages\/26\/revisions"}],"predecessor-version":[{"id":239,"href":"https:\/\/hotelbugambilias.com.mx\/index.php\/wp-json\/wp\/v2\/pages\/26\/revisions\/239"}],"wp:attachment":[{"href":"https:\/\/hotelbugambilias.com.mx\/index.php\/wp-json\/wp\/v2\/media?parent=26"}],"curies":[{"name":"wp","href":"https:\/\/api.w.org\/{rel}","templated":true}]}}