{"id":28,"date":"2023-12-04T23:40:53","date_gmt":"2023-12-04T22:40:53","guid":{"rendered":"https:\/\/ideosiete.com\/bugambilias\/?page_id=28"},"modified":"2024-02-16T11:09:00","modified_gmt":"2024-02-16T10:09:00","slug":"habitaciones","status":"publish","type":"page","link":"https:\/\/hotelbugambilias.com.mx\/index.php\/habitaciones\/","title":{"rendered":"Habitaciones"},"content":{"rendered":"<p>[et_pb_section fb_built=\u00bb1&#8243; _builder_version=\u00bb4.23.1&#8243; _module_preset=\u00bbdefault\u00bb background_color=\u00bb#490031&#8243; background_enable_pattern_style=\u00bbon\u00bb background_pattern_style=\u00bbscallops\u00bb background_pattern_size=\u00bbcustom\u00bb background_pattern_width=\u00bb1000px\u00bb background_pattern_height=\u00bb0px\u00bb background_pattern_horizontal_offset=\u00bb16%\u00bb background_pattern_vertical_offset=\u00bb-17%\u00bb custom_margin=\u00bb0px||0px||true|false\u00bb custom_padding=\u00bb0px||0px||true|false\u00bb locked=\u00bboff\u00bb global_colors_info=\u00bb{}\u00bb][et_pb_row _builder_version=\u00bb4.23.1&#8243; _module_preset=\u00bbdefault\u00bb max_width=\u00bb1200px\u00bb global_colors_info=\u00bb{}\u00bb][et_pb_column type=\u00bb4_4&#8243; _builder_version=\u00bb4.23.1&#8243; _module_preset=\u00bbdefault\u00bb global_colors_info=\u00bb{}\u00bb][et_pb_text _builder_version=\u00bb4.23.1&#8243; _dynamic_attributes=\u00bbcontent\u00bb _module_preset=\u00bbdefault\u00bb text_text_color=\u00bb#FFFFFF\u00bb text_font_size=\u00bb31px\u00bb global_colors_info=\u00bb{}\u00bb]@ET-DC@eyJkeW5hbWljIjp0cnVlLCJjb250ZW50IjoicG9zdF90aXRsZSIsInNldHRpbmdzIjp7ImJlZm9yZSI6IiIsImFmdGVyIjoiIn19@[\/et_pb_text][\/et_pb_column][\/et_pb_row][\/et_pb_section][et_pb_section fb_built=\u00bb1&#8243; _builder_version=\u00bb4.23.3&#8243; _module_preset=\u00bbdefault\u00bb background_image=\u00bbhttps:\/\/hotelbugambilias.com.mx\/wp-content\/uploads\/2023\/12\/blue.jpg\u00bb parallax=\u00bbon\u00bb parallax_method=\u00bboff\u00bb hover_enabled=\u00bb0&#8243; global_colors_info=\u00bb{}\u00bb title_text=\u00bbblue\u00bb sticky_enabled=\u00bb0&#8243;][et_pb_row column_structure=\u00bb1_2,1_2&#8243; use_custom_gutter=\u00bbon\u00bb gutter_width=\u00bb2&#8243; make_equal=\u00bbon\u00bb _builder_version=\u00bb4.23.1&#8243; _module_preset=\u00bbdefault\u00bb background_color=\u00bbrgba(255,255,255,0.65)\u00bb max_width=\u00bb1200px\u00bb custom_margin=\u00bb25px||25px||true|false\u00bb custom_padding=\u00bb|31px||31px|false|true\u00bb animation_style=\u00bbslide\u00bb custom_css_main_element=\u00bbdisplay: flex;||align-items: center;\u00bb border_radii=\u00bbon|10px|10px|10px|10px\u00bb box_shadow_style=\u00bbpreset3&#8243; global_colors_info=\u00bb{}\u00bb custom_css_main_element_last_edited=\u00bbon|desktop\u00bb custom_css_main_element_tablet=\u00bb\/**\/\u00bb custom_css_main_element_phone=\u00bb\/**\/\u00bb][et_pb_column type=\u00bb1_2&#8243; _builder_version=\u00bb4.19.2&#8243; _module_preset=\u00bbdefault\u00bb global_colors_info=\u00bb{}\u00bb][et_pb_image src=\u00bbhttps:\/\/hotelbugambilias.com.mx\/wp-content\/uploads\/2023\/12\/3e216fdd7e95678d80da3f752abf5276_img_1768.jpg\u00bb title_text=\u00bb3e216fdd7e95678d80da3f752abf5276_img_1768&#8243; _builder_version=\u00bb4.23.3&#8243; _module_preset=\u00bbdefault\u00bb animation_style=\u00bbfade\u00bb hover_enabled=\u00bb0&#8243; border_radii=\u00bbon|7px|7px|7px|7px\u00bb global_colors_info=\u00bb{}\u00bb sticky_enabled=\u00bb0&#8243;][\/et_pb_image][\/et_pb_column][et_pb_column type=\u00bb1_2&#8243; _builder_version=\u00bb4.23.1&#8243; _module_preset=\u00bbdefault\u00bb global_colors_info=\u00bb{}\u00bb][et_pb_image src=\u00bbhttps:\/\/hotelbugambilias.com.mx\/wp-content\/uploads\/2023\/12\/7f8c93db13913816fd7eba6e94a16055_LOGO_bicel.png\u00bb title_text=\u00bb7f8c93db13913816fd7eba6e94a16055_LOGO_bicel\u00bb align=\u00bbcenter\u00bb _builder_version=\u00bb4.23.3&#8243; _module_preset=\u00bbdefault\u00bb width=\u00bb16%\u00bb width_tablet=\u00bb20%\u00bb width_phone=\u00bb28%\u00bb width_last_edited=\u00bbon|phone\u00bb custom_margin=\u00bb0px||0px||true|false\u00bb custom_padding=\u00bb0px||0px||true|false\u00bb hover_enabled=\u00bb0&#8243; global_colors_info=\u00bb{}\u00bb sticky_enabled=\u00bb0&#8243;][\/et_pb_image][et_pb_text _builder_version=\u00bb4.23.1&#8243; _module_preset=\u00bbdefault\u00bb global_colors_info=\u00bb{}\u00bb]<\/p>\n<p style=\"text-align: center;\">HOTEL &amp; SUITES<\/p>\n<p>[\/et_pb_text][et_pb_divider color=\u00bb#910061&#8243; divider_weight=\u00bb4px\u00bb _builder_version=\u00bb4.23.1&#8243; _module_preset=\u00bbdefault\u00bb background_enable_color=\u00bboff\u00bb width=\u00bb50%\u00bb module_alignment=\u00bbcenter\u00bb global_colors_info=\u00bb{}\u00bb][\/et_pb_divider][et_pb_text _builder_version=\u00bb4.23.1&#8243; _module_preset=\u00bbdefault\u00bb text_font_size=\u00bb20px\u00bb global_colors_info=\u00bb{}\u00bb]<\/p>\n<p style=\"text-align: center;\"><strong>HABITACI\u00d3N ESTANDAR 4 PERSONAS:<\/strong><\/p>\n<p>[\/et_pb_text][et_pb_text _builder_version=\u00bb4.23.1&#8243; _module_preset=\u00bbdefault\u00bb text_text_color=\u00bb#636363&#8243; global_colors_info=\u00bb{}\u00bb]<\/p>\n<p style=\"text-align: center;\">Una recamara con dos camas matrimoniales aire acondicionado, tv y wifi.<\/p>\n<p>[\/et_pb_text][et_pb_button button_text=\u00bbReservaciones\u00bb button_alignment=\u00bbcenter\u00bb _builder_version=\u00bb4.23.1&#8243; _module_preset=\u00bbdefault\u00bb custom_button=\u00bbon\u00bb button_text_size=\u00bb14px\u00bb button_text_color=\u00bb#FFFFFF\u00bb button_bg_color=\u00bb#910061&#8243; button_border_radius=\u00bb6px\u00bb global_colors_info=\u00bb{}\u00bb][\/et_pb_button][\/et_pb_column][\/et_pb_row][et_pb_row column_structure=\u00bb1_2,1_2&#8243; use_custom_gutter=\u00bbon\u00bb gutter_width=\u00bb2&#8243; make_equal=\u00bbon\u00bb _builder_version=\u00bb4.23.1&#8243; _module_preset=\u00bbdefault\u00bb background_color=\u00bbrgba(255,255,255,0.65)\u00bb max_width=\u00bb1200px\u00bb custom_margin=\u00bb25px||25px||true|false\u00bb custom_padding=\u00bb|31px||31px|false|true\u00bb animation_style=\u00bbslide\u00bb custom_css_main_element=\u00bbdisplay: flex;||align-items: center;\u00bb border_radii=\u00bbon|10px|10px|10px|10px\u00bb box_shadow_style=\u00bbpreset3&#8243; global_colors_info=\u00bb{}\u00bb custom_css_main_element_last_edited=\u00bbon|desktop\u00bb custom_css_main_element_tablet=\u00bb\/**\/\u00bb custom_css_main_element_phone=\u00bb\/**\/\u00bb][et_pb_column type=\u00bb1_2&#8243; _builder_version=\u00bb4.23.1&#8243; _module_preset=\u00bbdefault\u00bb global_colors_info=\u00bb{}\u00bb][et_pb_image src=\u00bbhttps:\/\/hotelbugambilias.com.mx\/wp-content\/uploads\/2023\/12\/7f8c93db13913816fd7eba6e94a16055_LOGO_bicel.png\u00bb title_text=\u00bb7f8c93db13913816fd7eba6e94a16055_LOGO_bicel\u00bb align=\u00bbcenter\u00bb _builder_version=\u00bb4.23.3&#8243; _module_preset=\u00bbdefault\u00bb width=\u00bb16%\u00bb width_tablet=\u00bb20%\u00bb width_phone=\u00bb28%\u00bb width_last_edited=\u00bbon|phone\u00bb custom_margin=\u00bb0px||0px||true|false\u00bb custom_padding=\u00bb0px||0px||true|false\u00bb hover_enabled=\u00bb0&#8243; global_colors_info=\u00bb{}\u00bb sticky_enabled=\u00bb0&#8243;][\/et_pb_image][et_pb_text _builder_version=\u00bb4.23.1&#8243; _module_preset=\u00bbdefault\u00bb hover_enabled=\u00bb0&#8243; global_colors_info=\u00bb{}\u00bb sticky_enabled=\u00bb0&#8243;]<\/p>\n<p style=\"text-align: center;\">HOTEL &amp; SUITES<\/p>\n<p>[\/et_pb_text][et_pb_divider color=\u00bb#910061&#8243; divider_weight=\u00bb4px\u00bb _builder_version=\u00bb4.23.1&#8243; _module_preset=\u00bbdefault\u00bb background_enable_color=\u00bboff\u00bb width=\u00bb50%\u00bb module_alignment=\u00bbcenter\u00bb locked=\u00bboff\u00bb global_colors_info=\u00bb{}\u00bb][\/et_pb_divider][et_pb_text _builder_version=\u00bb4.23.1&#8243; _module_preset=\u00bbdefault\u00bb text_font_size=\u00bb20px\u00bb global_colors_info=\u00bb{}\u00bb]<\/p>\n<p style=\"text-align: center;\"><strong>JUNIOR SUITE:<\/strong><\/p>\n<p>[\/et_pb_text][et_pb_text _builder_version=\u00bb4.23.1&#8243; _module_preset=\u00bbdefault\u00bb text_text_color=\u00bb#636363&#8243; global_colors_info=\u00bb{}\u00bb]<\/p>\n<p style=\"text-align: center;\">Una Recamara de 2 camas matrimoniales equipada con televisi\u00f3n, aire acondicionado, comedor y cocineta integral con loza incluida. Esta opci\u00f3n es perfecta para escaparse con su pareja un fin de semana o disfrutar con sus hijos varios d\u00edas de tranquilidad junto al mar.<\/p>\n<p>[\/et_pb_text][et_pb_button button_text=\u00bbReservaciones\u00bb button_alignment=\u00bbcenter\u00bb _builder_version=\u00bb4.23.1&#8243; _module_preset=\u00bbdefault\u00bb custom_button=\u00bbon\u00bb button_text_size=\u00bb14px\u00bb button_text_color=\u00bb#FFFFFF\u00bb button_bg_color=\u00bb#910061&#8243; button_border_radius=\u00bb6px\u00bb global_colors_info=\u00bb{}\u00bb][\/et_pb_button][\/et_pb_column][et_pb_column type=\u00bb1_2&#8243; _builder_version=\u00bb4.19.2&#8243; _module_preset=\u00bbdefault\u00bb global_colors_info=\u00bb{}\u00bb][et_pb_image src=\u00bbhttps:\/\/hotelbugambilias.com.mx\/wp-content\/uploads\/2024\/02\/c8862a8c9b9549bcc79e34a583d52be7_img_1732.webp\u00bb title_text=\u00bbc8862a8c9b9549bcc79e34a583d52be7_img_1732&#8243; _builder_version=\u00bb4.23.3&#8243; _module_preset=\u00bbdefault\u00bb animation_style=\u00bbfade\u00bb hover_enabled=\u00bb0&#8243; border_radii=\u00bbon|7px|7px|7px|7px\u00bb global_colors_info=\u00bb{}\u00bb sticky_enabled=\u00bb0&#8243;][\/et_pb_image][\/et_pb_column][\/et_pb_row][et_pb_row column_structure=\u00bb1_2,1_2&#8243; use_custom_gutter=\u00bbon\u00bb gutter_width=\u00bb2&#8243; make_equal=\u00bbon\u00bb _builder_version=\u00bb4.23.1&#8243; _module_preset=\u00bbdefault\u00bb background_color=\u00bbrgba(255,255,255,0.65)\u00bb max_width=\u00bb1200px\u00bb custom_margin=\u00bb25px||25px||true|false\u00bb custom_padding=\u00bb|31px||31px|false|true\u00bb animation_style=\u00bbslide\u00bb custom_css_main_element=\u00bbdisplay: flex;||align-items: center;\u00bb border_radii=\u00bbon|10px|10px|10px|10px\u00bb box_shadow_style=\u00bbpreset3&#8243; global_colors_info=\u00bb{}\u00bb custom_css_main_element_last_edited=\u00bbon|desktop\u00bb custom_css_main_element_tablet=\u00bb\/**\/\u00bb custom_css_main_element_phone=\u00bb\/**\/\u00bb][et_pb_column type=\u00bb1_2&#8243; _builder_version=\u00bb4.19.2&#8243; _module_preset=\u00bbdefault\u00bb global_colors_info=\u00bb{}\u00bb][et_pb_image src=\u00bbhttps:\/\/hotelbugambilias.com.mx\/wp-content\/uploads\/2023\/12\/14c4caad80313ca6f16dda0e9ad436f1_img_1724.jpg\u00bb title_text=\u00bb14c4caad80313ca6f16dda0e9ad436f1_img_1724&#8243; _builder_version=\u00bb4.23.3&#8243; _module_preset=\u00bbdefault\u00bb animation_style=\u00bbfade\u00bb hover_enabled=\u00bb0&#8243; border_radii=\u00bbon|7px|7px|7px|7px\u00bb global_colors_info=\u00bb{}\u00bb sticky_enabled=\u00bb0&#8243;][\/et_pb_image][\/et_pb_column][et_pb_column type=\u00bb1_2&#8243; _builder_version=\u00bb4.23.1&#8243; _module_preset=\u00bbdefault\u00bb global_colors_info=\u00bb{}\u00bb][et_pb_image src=\u00bbhttps:\/\/hotelbugambilias.com.mx\/wp-content\/uploads\/2023\/12\/7f8c93db13913816fd7eba6e94a16055_LOGO_bicel.png\u00bb title_text=\u00bb7f8c93db13913816fd7eba6e94a16055_LOGO_bicel\u00bb align=\u00bbcenter\u00bb _builder_version=\u00bb4.23.3&#8243; _module_preset=\u00bbdefault\u00bb width=\u00bb16%\u00bb width_tablet=\u00bb20%\u00bb width_phone=\u00bb28%\u00bb width_last_edited=\u00bbon|phone\u00bb custom_margin=\u00bb0px||0px||true|false\u00bb custom_padding=\u00bb0px||0px||true|false\u00bb hover_enabled=\u00bb0&#8243; global_colors_info=\u00bb{}\u00bb sticky_enabled=\u00bb0&#8243;][\/et_pb_image][et_pb_text _builder_version=\u00bb4.23.1&#8243; _module_preset=\u00bbdefault\u00bb global_colors_info=\u00bb{}\u00bb]<\/p>\n<p style=\"text-align: center;\">HOTEL &amp; SUITES<\/p>\n<p>[\/et_pb_text][et_pb_divider color=\u00bb#910061&#8243; divider_weight=\u00bb4px\u00bb _builder_version=\u00bb4.23.1&#8243; _module_preset=\u00bbdefault\u00bb background_enable_color=\u00bboff\u00bb width=\u00bb50%\u00bb module_alignment=\u00bbcenter\u00bb locked=\u00bboff\u00bb global_colors_info=\u00bb{}\u00bb][\/et_pb_divider][et_pb_text _builder_version=\u00bb4.23.1&#8243; _module_preset=\u00bbdefault\u00bb text_font_size=\u00bb20px\u00bb global_colors_info=\u00bb{}\u00bb]<\/p>\n<p style=\"text-align: center;\"><strong>JUNIOR SUITE 6 PERSONAS:<\/strong><\/p>\n<p>[\/et_pb_text][et_pb_text _builder_version=\u00bb4.23.1&#8243; _module_preset=\u00bbdefault\u00bb text_text_color=\u00bb#636363&#8243; global_colors_info=\u00bb{}\u00bb]<\/p>\n<p style=\"text-align: center;\">Una Recamara de 2 camas matrimoniales, 1 sof\u00e1-cama matrimonial equipada con televisi\u00f3n, aire acondicionado, comedor y cocineta integral con loza incluida.Especialmente pensado en las familias un poco m\u00e1s grandes que cuenta con todos los servicios necesarios para vivir intensamente unas vacaciones perfectas.<\/p>\n<p>[\/et_pb_text][et_pb_button button_text=\u00bbReservaciones\u00bb button_alignment=\u00bbcenter\u00bb _builder_version=\u00bb4.23.1&#8243; _module_preset=\u00bbdefault\u00bb custom_button=\u00bbon\u00bb button_text_size=\u00bb14px\u00bb button_text_color=\u00bb#FFFFFF\u00bb button_bg_color=\u00bb#910061&#8243; button_border_radius=\u00bb6px\u00bb global_colors_info=\u00bb{}\u00bb][\/et_pb_button][\/et_pb_column][\/et_pb_row][et_pb_row column_structure=\u00bb1_2,1_2&#8243; use_custom_gutter=\u00bbon\u00bb gutter_width=\u00bb2&#8243; make_equal=\u00bbon\u00bb _builder_version=\u00bb4.23.1&#8243; _module_preset=\u00bbdefault\u00bb background_color=\u00bbrgba(255,255,255,0.65)\u00bb max_width=\u00bb1200px\u00bb custom_margin=\u00bb25px||25px||true|false\u00bb custom_padding=\u00bb|31px||31px|false|true\u00bb animation_style=\u00bbslide\u00bb custom_css_main_element=\u00bbdisplay: flex;||align-items: center;\u00bb border_radii=\u00bbon|10px|10px|10px|10px\u00bb box_shadow_style=\u00bbpreset3&#8243; global_colors_info=\u00bb{}\u00bb custom_css_main_element_last_edited=\u00bbon|desktop\u00bb custom_css_main_element_tablet=\u00bb\/**\/\u00bb custom_css_main_element_phone=\u00bb\/**\/\u00bb][et_pb_column type=\u00bb1_2&#8243; _builder_version=\u00bb4.23.1&#8243; _module_preset=\u00bbdefault\u00bb global_colors_info=\u00bb{}\u00bb][et_pb_image src=\u00bbhttps:\/\/hotelbugambilias.com.mx\/wp-content\/uploads\/2023\/12\/7f8c93db13913816fd7eba6e94a16055_LOGO_bicel.png\u00bb title_text=\u00bb7f8c93db13913816fd7eba6e94a16055_LOGO_bicel\u00bb align=\u00bbcenter\u00bb _builder_version=\u00bb4.23.3&#8243; _module_preset=\u00bbdefault\u00bb width=\u00bb16%\u00bb width_tablet=\u00bb20%\u00bb width_phone=\u00bb28%\u00bb width_last_edited=\u00bbon|phone\u00bb custom_margin=\u00bb0px||0px||true|false\u00bb custom_padding=\u00bb0px||0px||true|false\u00bb hover_enabled=\u00bb0&#8243; global_colors_info=\u00bb{}\u00bb sticky_enabled=\u00bb0&#8243;][\/et_pb_image][et_pb_text _builder_version=\u00bb4.23.1&#8243; _module_preset=\u00bbdefault\u00bb global_colors_info=\u00bb{}\u00bb]<\/p>\n<p style=\"text-align: center;\">HOTEL &amp; SUITES<\/p>\n<p>[\/et_pb_text][et_pb_divider color=\u00bb#910061&#8243; divider_weight=\u00bb4px\u00bb _builder_version=\u00bb4.23.1&#8243; _module_preset=\u00bbdefault\u00bb background_enable_color=\u00bboff\u00bb width=\u00bb50%\u00bb module_alignment=\u00bbcenter\u00bb locked=\u00bboff\u00bb global_colors_info=\u00bb{}\u00bb][\/et_pb_divider][et_pb_text _builder_version=\u00bb4.23.1&#8243; _module_preset=\u00bbdefault\u00bb text_font_size=\u00bb20px\u00bb global_colors_info=\u00bb{}\u00bb]<\/p>\n<p style=\"text-align: center;\"><strong>MASTER SUITE<\/strong><\/p>\n<p>[\/et_pb_text][et_pb_text _builder_version=\u00bb4.23.1&#8243; _module_preset=\u00bbdefault\u00bb text_text_color=\u00bb#636363&#8243; global_colors_info=\u00bb{}\u00bb]<\/p>\n<p style=\"text-align: center;\">Dos recamaras con 2 camas matrimoniales cada una, televisi\u00f3n, sala, comedor y cocineta integral con loza incluida. \u00bfFamilia grande?&#8230;. \u00a1No hay problema! nosotros ponemos la comodidad con esta suite, usted solo preoc\u00fapese por su bronceado.<\/p>\n<p>[\/et_pb_text][et_pb_button button_text=\u00bbReservaciones\u00bb button_alignment=\u00bbcenter\u00bb _builder_version=\u00bb4.23.1&#8243; _module_preset=\u00bbdefault\u00bb custom_button=\u00bbon\u00bb button_text_size=\u00bb14px\u00bb button_text_color=\u00bb#FFFFFF\u00bb button_bg_color=\u00bb#910061&#8243; button_border_radius=\u00bb6px\u00bb global_colors_info=\u00bb{}\u00bb][\/et_pb_button][\/et_pb_column][et_pb_column type=\u00bb1_2&#8243; _builder_version=\u00bb4.19.2&#8243; _module_preset=\u00bbdefault\u00bb global_colors_info=\u00bb{}\u00bb][et_pb_image src=\u00bbhttps:\/\/hotelbugambilias.com.mx\/wp-content\/uploads\/2023\/12\/3a86f0f5998c588dee2d6ce9d18d7bac_img_1751.jpg\u00bb title_text=\u00bb3a86f0f5998c588dee2d6ce9d18d7bac_img_1751&#8243; _builder_version=\u00bb4.23.3&#8243; _module_preset=\u00bbdefault\u00bb animation_style=\u00bbfade\u00bb hover_enabled=\u00bb0&#8243; border_radii=\u00bbon|7px|7px|7px|7px\u00bb global_colors_info=\u00bb{}\u00bb sticky_enabled=\u00bb0&#8243;][\/et_pb_image][\/et_pb_column][\/et_pb_row][\/et_pb_section]<\/p>\n","protected":false},"excerpt":{"rendered":"<p>HOTEL &amp; SUITESHABITACI\u00d3N ESTANDAR 4 PERSONAS:Una recamara con dos camas matrimoniales aire acondicionado, tv y wifi.HOTEL &amp; SUITESJUNIOR SUITE:Una Recamara de 2 camas matrimoniales equipada con televisi\u00f3n, aire acondicionado, comedor y cocineta integral con loza incluida. Esta opci\u00f3n es perfecta para escaparse con su pareja un fin de semana o disfrutar con sus hijos varios [&hellip;]<\/p>\n","protected":false},"author":1,"featured_media":0,"parent":0,"menu_order":0,"comment_status":"closed","ping_status":"closed","template":"","meta":{"_acf_changed":false,"_et_pb_use_builder":"on","_et_pb_old_content":"<!-- wp:divi\/placeholder \/-->","_et_gb_content_width":"","footnotes":""},"class_list":["post-28","page","type-page","status-publish","hentry"],"acf":[],"_links":{"self":[{"href":"https:\/\/hotelbugambilias.com.mx\/index.php\/wp-json\/wp\/v2\/pages\/28","targetHints":{"allow":["GET"]}}],"collection":[{"href":"https:\/\/hotelbugambilias.com.mx\/index.php\/wp-json\/wp\/v2\/pages"}],"about":[{"href":"https:\/\/hotelbugambilias.com.mx\/index.php\/wp-json\/wp\/v2\/types\/page"}],"author":[{"embeddable":true,"href":"https:\/\/hotelbugambilias.com.mx\/index.php\/wp-json\/wp\/v2\/users\/1"}],"replies":[{"embeddable":true,"href":"https:\/\/hotelbugambilias.com.mx\/index.php\/wp-json\/wp\/v2\/comments?post=28"}],"version-history":[{"count":7,"href":"https:\/\/hotelbugambilias.com.mx\/index.php\/wp-json\/wp\/v2\/pages\/28\/revisions"}],"predecessor-version":[{"id":241,"href":"https:\/\/hotelbugambilias.com.mx\/index.php\/wp-json\/wp\/v2\/pages\/28\/revisions\/241"}],"wp:attachment":[{"href":"https:\/\/hotelbugambilias.com.mx\/index.php\/wp-json\/wp\/v2\/media?parent=28"}],"curies":[{"name":"wp","href":"https:\/\/api.w.org\/{rel}","templated":true}]}}